{"id":392,"date":"2017-09-11T14:37:36","date_gmt":"2017-09-11T14:37:36","guid":{"rendered":"https:\/\/isov-project.eu\/?page_id=392"},"modified":"2025-01-09T21:42:45","modified_gmt":"2025-01-09T20:42:45","slug":"startseite","status":"publish","type":"page","link":"https:\/\/isov-project.eu\/pt-pt\/","title":{"rendered":"O Projeto"},"content":{"rendered":"<p>Como todos os setores, o setor da produ\u00e7\u00e3o industrial de cal\u00e7ado enfrenta as megatend\u00eancias da globaliza\u00e7\u00e3o, da digitaliza\u00e7\u00e3o e da sustentabilidade. Para reagir \u00e0s mudan\u00e7as nos processos de trabalho, tanto o ensino e a forma\u00e7\u00e3o profissional inicial (EFPI) como o ensino e a forma\u00e7\u00e3o profissionais cont\u00ednua (EFPC) devem continuar a ser objeto de moderniza\u00e7\u00e3o.<\/p>\n<p>Os parceiros do projeto adaptam as suas ofertas de qualifica\u00e7\u00e3o para fazer face a estes objetivos \u2013 sem perder a orienta\u00e7\u00e3o setorial espec\u00edfica para os processos de trabalho e no que diz respeito aos diferentes impactos das diferentes dimens\u00f5es das tend\u00eancias nos diferentes processos de trabalho.<\/p>\n<p>As principais atividades ser\u00e3o o desenvolvimento, a estrutura\u00e7\u00e3o pedag\u00f3gica e a pilotagem de cursos para aprendizes e\/ou trabalhadores da produ\u00e7\u00e3o industrial de cal\u00e7ado na Alemanha, em Portugal e na Rom\u00e9nia, com base em an\u00e1lises de impacto cientificamente desenvolvidas sobre a influ\u00eancia das diferentes dimens\u00f5es das tend\u00eancias em cada uma das 18 Esferas de Atividade (SoA \u2013 <em>Sphere of Activity<\/em>) do setor. Os cursos referem-se \u00e0s esferas de atividades em que os participantes trabalham, devem trabalhar ou querem trabalhar.<\/p>\n<p>O primeiro resultado ser\u00e1 uma matriz abrangente, decompondo o impacto de ~20 dimens\u00f5es das tend\u00eancias para as 18 SoA do setor.<\/p>\n<p>O segundo resultado ser\u00e1 um conjunto de 12 manuais de forma\u00e7\u00e3o de excel\u00eancia sobre a forma de transmitir o impacto concreto das megatend\u00eancias nas SoA mais afetadas.<\/p>\n<p>O terceiro resultado ser\u00e1 a an\u00e1lise dos \u00abpontos fortes, pontos fracos, oportunidades e amea\u00e7as\u00bb (SWOT) da pilotagem e avalia\u00e7\u00e3o dos 15 cursos (5 em cada pa\u00eds) que fornecem as ra\u00edzes e o conte\u00fado para perfis atualizados de EFPI e EFPC.<\/p>\n<p>Para as 18 SoA, desenvolvidas nos Projetos anteriores, ver: <a href=\"https:\/\/dia-cvet.eu\/results\/\">https:\/\/dia-cvet.eu\/results\/<\/a> e\u00a0 <a href=\"http:\/\/icsas-project.eu\/results\/\">http:\/\/icsas-project.eu\/results\/<\/a>.<\/p>\n<p><img loading=\"lazy\" decoding=\"async\" class=\"alignleft\" src=\"https:\/\/isov-project.eu\/wp-content\/uploads\/2025\/01\/ISOV-1.png\" alt=\"\" width=\"409\" height=\"409\" \/><\/p>\n","protected":false},"excerpt":{"rendered":"<p>Como todos os setores, o setor da produ\u00e7\u00e3o industrial de cal\u00e7ado enfrenta as megatend\u00eancias da globaliza\u00e7\u00e3o, da digitaliza\u00e7\u00e3o e da sustentabilidade. Para reagir \u00e0s mudan\u00e7as nos processos de trabalho, tanto o ensino e a forma\u00e7\u00e3o profissional inicial (EFPI) como o ensino e a forma\u00e7\u00e3o profissionais cont\u00ednua (EFPC) devem continuar a ser objeto de moderniza\u00e7\u00e3o. Os parceiros do projeto adaptam as&#8230; <a href=\"https:\/\/isov-project.eu\/pt-pt\/\">Read more &raquo;<\/a><\/p>\n","protected":false},"author":1,"featured_media":0,"parent":0,"menu_order":0,"comment_status":"closed","ping_status":"closed","template":"","meta":{"footnotes":""},"class_list":["post-392","page","type-page","status-publish","hentry"],"_links":{"self":[{"href":"https:\/\/isov-project.eu\/pt-pt\/wp-json\/wp\/v2\/pages\/392","targetHints":{"allow":["GET"]}}],"collection":[{"href":"https:\/\/isov-project.eu\/pt-pt\/wp-json\/wp\/v2\/pages"}],"about":[{"href":"https:\/\/isov-project.eu\/pt-pt\/wp-json\/wp\/v2\/types\/page"}],"author":[{"embeddable":true,"href":"https:\/\/isov-project.eu\/pt-pt\/wp-json\/wp\/v2\/users\/1"}],"replies":[{"embeddable":true,"href":"https:\/\/isov-project.eu\/pt-pt\/wp-json\/wp\/v2\/comments?post=392"}],"version-history":[{"count":11,"href":"https:\/\/isov-project.eu\/pt-pt\/wp-json\/wp\/v2\/pages\/392\/revisions"}],"predecessor-version":[{"id":5395,"href":"https:\/\/isov-project.eu\/pt-pt\/wp-json\/wp\/v2\/pages\/392\/revisions\/5395"}],"wp:attachment":[{"href":"https:\/\/isov-project.eu\/pt-pt\/wp-json\/wp\/v2\/media?parent=392"}],"curies":[{"name":"wp","href":"https:\/\/api.w.org\/{rel}","templated":true}]}}