{"id":595,"date":"2017-10-08T18:24:06","date_gmt":"2017-10-08T18:24:06","guid":{"rendered":"https:\/\/isov-project.eu\/?page_id=595"},"modified":"2025-01-13T22:23:55","modified_gmt":"2025-01-13T21:23:55","slug":"partner","status":"publish","type":"page","link":"https:\/\/isov-project.eu\/de\/partner\/","title":{"rendered":"Partner"},"content":{"rendered":"<p><a href=\"https:\/\/www.uni-bremen.de\/\" target=\"_blank\" rel=\"noopener\"><img loading=\"lazy\" decoding=\"async\" class=\"alignnone wp-image-5222\" src=\"https:\/\/isov-project.eu\/wp-content\/uploads\/2023\/08\/UHB_Logo_4c-KLEIN.jpg\" alt=\"\" width=\"203\" height=\"73\" \/><\/a><\/p>\n<p><a href=\"https:\/\/www.itb.uni-bremen.de\/ccm\/navigation\/index.de\" target=\"_blank\" rel=\"noopener noreferrer\"><img loading=\"lazy\" decoding=\"async\" class=\"alignnone wp-image-205\" src=\"https:\/\/isov-project.eu\/wp-content\/uploads\/2017\/10\/ITB_Logo.jpg\" alt=\"\" width=\"209\" height=\"46\" srcset=\"https:\/\/isov-project.eu\/wp-content\/uploads\/2017\/10\/ITB_Logo.jpg 957w, https:\/\/isov-project.eu\/wp-content\/uploads\/2017\/10\/ITB_Logo-300x66.jpg 300w, https:\/\/isov-project.eu\/wp-content\/uploads\/2017\/10\/ITB_Logo-768x169.jpg 768w, https:\/\/isov-project.eu\/wp-content\/uploads\/2017\/10\/ITB_Logo-624x138.jpg 624w\" sizes=\"auto, (max-width: 209px) 100vw, 209px\" \/><\/a><br \/>\nInstitute Technology and Education (ITB), DE<br \/>\nUniversit\u00e4t Bremen<br \/>\nAm Fallturm 1<br \/>\n28359 Bremen<br \/>\n<a href=\"http:\/\/www.itb.uni-bremen.de\/\" target=\"_blank\" rel=\"noopener noreferrer\">www.itb.uni-bremen.de\/<\/a><\/p>\n<p><a href=\"https:\/\/www.pfi-germany.de\/start\/\" target=\"_blank\" rel=\"noopener noreferrer\"><img loading=\"lazy\" decoding=\"async\" class=\"alignnone wp-image-3942\" src=\"https:\/\/isov-project.eu\/wp-content\/uploads\/2020\/12\/PFI-Logo-300x109.jpg\" alt=\"\" width=\"219\" height=\"80\" srcset=\"https:\/\/isov-project.eu\/wp-content\/uploads\/2020\/12\/PFI-Logo-300x109.jpg 300w, https:\/\/isov-project.eu\/wp-content\/uploads\/2020\/12\/PFI-Logo.jpg 329w\" sizes=\"auto, (max-width: 219px) 100vw, 219px\" \/><\/a><br \/>\nPr\u00fcf- und Forschungsinstitut Pirmasens e. V., DE<br \/>\nPFI Germany<br \/>\nMarie-Curie-Stra\u00dfe 19<br \/>\n66953 Pirmasens \/ Germany<br \/>\n<a href=\"http:\/\/www.pfi-germany.com\/start.html\" target=\"_blank\" rel=\"noopener noreferrer\">www.pfi-germany.com<\/a><\/p>\n<p><a href=\"http:\/\/www.ctcp.pt\/\" target=\"_blank\" rel=\"noopener noreferrer\"><img loading=\"lazy\" decoding=\"async\" class=\"alignnone wp-image-199\" src=\"https:\/\/isov-project.eu\/wp-content\/uploads\/2017\/10\/ctcp_Logo.jpg\" alt=\"\" width=\"209\" height=\"59\" srcset=\"https:\/\/isov-project.eu\/wp-content\/uploads\/2017\/10\/ctcp_Logo.jpg 1093w, https:\/\/isov-project.eu\/wp-content\/uploads\/2017\/10\/ctcp_Logo-300x85.jpg 300w, https:\/\/isov-project.eu\/wp-content\/uploads\/2017\/10\/ctcp_Logo-768x218.jpg 768w, https:\/\/isov-project.eu\/wp-content\/uploads\/2017\/10\/ctcp_Logo-1024x290.jpg 1024w, https:\/\/isov-project.eu\/wp-content\/uploads\/2017\/10\/ctcp_Logo-624x177.jpg 624w\" sizes=\"auto, (max-width: 209px) 100vw, 209px\" \/><\/a><br \/>\nCentro Tecnol\u00f3gico do Cal\u00e7ado de Portugal (CTCP), PT<br \/>\nRua de Fund\u00f5es &#8211; Devesa Velha<br \/>\n3700-121 S. Jo\u00e3o da Madeira<br \/>\n<a class=\"linknormal\" href=\"http:\/\/www.ctcp.pt\/\" target=\"_blank\" rel=\"noopener noreferrer\">www.ctcp.pt<\/a><\/p>\n<p><a href=\"http:\/\/www.carite.pt\/pt\/\" target=\"_blank\" rel=\"noopener noreferrer\"><img loading=\"lazy\" decoding=\"async\" class=\"alignnone wp-image-197\" src=\"https:\/\/isov-project.eu\/wp-content\/uploads\/2017\/10\/Carite_Logo.jpg\" alt=\"\" width=\"160\" height=\"105\" \/><\/a><br \/>\nCarit\u00e9 Cal\u00e7ados Lda, PT<br \/>\nRua Nicolau Coelho n\u00ba2729<br \/>\nSendim<br \/>\n4610-909 Felgueiras<br \/>\nPortugal<br \/>\n<a href=\"http:\/\/www.carite.pt\/pt\/\" target=\"_blank\" rel=\"noopener noreferrer\">www.carite.pt<\/a><\/p>\n<p><a href=\"http:\/\/www.cfpic.pt\/\"><img loading=\"lazy\" decoding=\"async\" class=\"alignnone wp-image-5555\" src=\"https:\/\/isov-project.eu\/wp-content\/uploads\/2025\/01\/LOGO_CFPIC_V3.0-RGB.png\" alt=\"\" width=\"185\" height=\"76\" srcset=\"https:\/\/isov-project.eu\/wp-content\/uploads\/2025\/01\/LOGO_CFPIC_V3.0-RGB.png 9921w, https:\/\/isov-project.eu\/wp-content\/uploads\/2025\/01\/LOGO_CFPIC_V3.0-RGB-300x124.png 300w, https:\/\/isov-project.eu\/wp-content\/uploads\/2025\/01\/LOGO_CFPIC_V3.0-RGB-1024x422.png 1024w, https:\/\/isov-project.eu\/wp-content\/uploads\/2025\/01\/LOGO_CFPIC_V3.0-RGB-768x317.png 768w, https:\/\/isov-project.eu\/wp-content\/uploads\/2025\/01\/LOGO_CFPIC_V3.0-RGB-1536x633.png 1536w, https:\/\/isov-project.eu\/wp-content\/uploads\/2025\/01\/LOGO_CFPIC_V3.0-RGB-2048x844.png 2048w, https:\/\/isov-project.eu\/wp-content\/uploads\/2025\/01\/LOGO_CFPIC_V3.0-RGB-624x257.png 624w\" sizes=\"auto, (max-width: 185px) 100vw, 185px\" \/><\/a><br \/>\nCentro de Forma\u00e7\u00e3o Profissional da Ind\u00fastria de Cal\u00e7ado (CFPIC), PT<br \/>\nRuai Visconde, 990<br \/>\n3700-990 S\u00e3o Jo\u00e3o da Madeira<br \/>\nPortugal<br \/>\n<a href=\"http:\/\/www.cfpic.pt\/\" target=\"_blank\" rel=\"noopener noreferrer\">www.cfpic.pt\/<\/a><\/p>\n<p><a href=\"http:\/\/www.tuiasi.ro\/\" target=\"_blank\" rel=\"noopener noreferrer\"><img loading=\"lazy\" decoding=\"async\" class=\"alignnone wp-image-196\" src=\"https:\/\/isov-project.eu\/wp-content\/uploads\/2017\/10\/uti_Logo-1.jpg\" alt=\"\" width=\"100\" height=\"135\" srcset=\"https:\/\/isov-project.eu\/wp-content\/uploads\/2017\/10\/uti_Logo-1.jpg 500w, https:\/\/isov-project.eu\/wp-content\/uploads\/2017\/10\/uti_Logo-1-222x300.jpg 222w\" sizes=\"auto, (max-width: 100px) 100vw, 100px\" \/><\/a><br \/>\nUniversitatea Tehnic\u0103 Gheorghe Asachi din Ia\u015fi, RO<br \/>\nBulevardul Profesor Dimitrie Mangeron 67<br \/>\nIa\u0219i 700050<br \/>\nRomania<br \/>\n<a href=\"http:\/\/www.tuiasi.ro\/\" target=\"_blank\" rel=\"noopener noreferrer\">www.tuiasi.ro\/<\/a><\/p>\n<p><a href=\"https:\/\/condurbyalexandru.com\/\" target=\"_blank\" rel=\"noopener\"><img loading=\"lazy\" decoding=\"async\" class=\"alignnone wp-image-5422\" src=\"https:\/\/isov-project.eu\/wp-content\/uploads\/2025\/01\/logo-CONDUR-by-alexandru--300x300.jpg\" alt=\"\" width=\"129\" height=\"129\" srcset=\"https:\/\/isov-project.eu\/wp-content\/uploads\/2025\/01\/logo-CONDUR-by-alexandru--300x300.jpg 300w, https:\/\/isov-project.eu\/wp-content\/uploads\/2025\/01\/logo-CONDUR-by-alexandru--150x150.jpg 150w, https:\/\/isov-project.eu\/wp-content\/uploads\/2025\/01\/logo-CONDUR-by-alexandru--768x768.jpg 768w, https:\/\/isov-project.eu\/wp-content\/uploads\/2025\/01\/logo-CONDUR-by-alexandru--624x624.jpg 624w, https:\/\/isov-project.eu\/wp-content\/uploads\/2025\/01\/logo-CONDUR-by-alexandru--176x176.jpg 176w, https:\/\/isov-project.eu\/wp-content\/uploads\/2025\/01\/logo-CONDUR-by-alexandru--60x60.jpg 60w, https:\/\/isov-project.eu\/wp-content\/uploads\/2025\/01\/logo-CONDUR-by-alexandru-.jpg 945w\" sizes=\"auto, (max-width: 129px) 100vw, 129px\" \/><\/a><\/p>\n<p>SC LA MODE INTERNATIONALE SRL<br \/>\nRomania<br \/>\nBucure\u015fti &#8211; Ilfov<br \/>\nSector 6, Bucuresti<br \/>\nWebsite <a class=\"moz-txt-link-freetext\" href=\"https:\/\/condurbyalexandru.com\/\">https:\/\/condurbyalexandru.com\/<\/a><\/p>\n<p><a href=\"http:\/\/www.deichmann.com\" target=\"_blank\" rel=\"noopener\"><img loading=\"lazy\" decoding=\"async\" class=\"alignnone wp-image-5517\" src=\"https:\/\/isov-project.eu\/wp-content\/uploads\/2025\/01\/fgna059veLd3JuTH.png\" alt=\"\" width=\"141\" height=\"141\" srcset=\"https:\/\/isov-project.eu\/wp-content\/uploads\/2025\/01\/fgna059veLd3JuTH.png 225w, https:\/\/isov-project.eu\/wp-content\/uploads\/2025\/01\/fgna059veLd3JuTH-150x150.png 150w, https:\/\/isov-project.eu\/wp-content\/uploads\/2025\/01\/fgna059veLd3JuTH-176x176.png 176w, https:\/\/isov-project.eu\/wp-content\/uploads\/2025\/01\/fgna059veLd3JuTH-60x60.png 60w\" sizes=\"auto, (max-width: 141px) 100vw, 141px\" \/><\/a><\/p>\n<p>Deichmann SE<br \/>\nGermany<br \/>\nRegion NORDRHEIN-WESTFALEN<br \/>\nEssen<br \/>\nWebsite <a class=\"moz-txt-link-abbreviated\" href=\"http:\/\/www.deichmann.com\">www.deichmann.com<\/a><\/p>\n","protected":false},"excerpt":{"rendered":"<p>Institute Technology and Education (ITB), DE Universit\u00e4t Bremen Am Fallturm 1 28359 Bremen www.itb.uni-bremen.de\/ Pr\u00fcf- und Forschungsinstitut Pirmasens e. V., DE PFI Germany Marie-Curie-Stra\u00dfe 19 66953 Pirmasens \/ Germany www.pfi-germany.com Centro Tecnol\u00f3gico do Cal\u00e7ado de Portugal (CTCP), PT Rua de Fund\u00f5es &#8211; Devesa Velha 3700-121 S. Jo\u00e3o da Madeira www.ctcp.pt Carit\u00e9 Cal\u00e7ados Lda, PT Rua Nicolau Coelho n\u00ba2729 Sendim 4610-909&#8230; <a href=\"https:\/\/isov-project.eu\/de\/partner\/\">Read more &raquo;<\/a><\/p>\n","protected":false},"author":1,"featured_media":0,"parent":0,"menu_order":0,"comment_status":"closed","ping_status":"closed","template":"","meta":{"footnotes":""},"class_list":["post-595","page","type-page","status-publish","hentry"],"_links":{"self":[{"href":"https:\/\/isov-project.eu\/de\/wp-json\/wp\/v2\/pages\/595","targetHints":{"allow":["GET"]}}],"collection":[{"href":"https:\/\/isov-project.eu\/de\/wp-json\/wp\/v2\/pages"}],"about":[{"href":"https:\/\/isov-project.eu\/de\/wp-json\/wp\/v2\/types\/page"}],"author":[{"embeddable":true,"href":"https:\/\/isov-project.eu\/de\/wp-json\/wp\/v2\/users\/1"}],"replies":[{"embeddable":true,"href":"https:\/\/isov-project.eu\/de\/wp-json\/wp\/v2\/comments?post=595"}],"version-history":[{"count":10,"href":"https:\/\/isov-project.eu\/de\/wp-json\/wp\/v2\/pages\/595\/revisions"}],"predecessor-version":[{"id":5557,"href":"https:\/\/isov-project.eu\/de\/wp-json\/wp\/v2\/pages\/595\/revisions\/5557"}],"wp:attachment":[{"href":"https:\/\/isov-project.eu\/de\/wp-json\/wp\/v2\/media?parent=595"}],"curies":[{"name":"wp","href":"https:\/\/api.w.org\/{rel}","templated":true}]}}