{"id":501,"date":"2017-09-11T14:37:36","date_gmt":"2017-09-11T14:37:36","guid":{"rendered":"https:\/\/isov-project.eu\/?page_id=501"},"modified":"2025-01-09T21:42:27","modified_gmt":"2025-01-09T20:42:27","slug":"startseite","status":"publish","type":"page","link":"https:\/\/isov-project.eu\/de\/","title":{"rendered":"Das Projekt"},"content":{"rendered":"<p>Wie alle Branchen wird auch die industrielle Schuhproduktion mit den Megatrends Globalisierung, Digitalisierung und Nachhaltigkeit konfrontiert. Arbeitsprozesse ver\u00e4ndern sich \u2013 daher m\u00fcssen sich sowohl die Ausbildung als auch die Weiterbildung auch ver\u00e4ndern.<\/p>\n<p>Die Projektpartner passen ihre Qualifizierungsangebote an diese neuen Trends an &#8211; ohne dabei die branchenspezifische Arbeitsprozessorientierung zu verlieren. Das hei\u00dft insbesondere, die unterschiedlichen Auswirkungen der verschiedenen Dimensionen der Trends auf die verschiedenen Arbeitsprozesse zu ber\u00fccksichtigen.<\/p>\n<p>Hauptaktivit\u00e4ten werden die Entwicklung, p\u00e4dagogische Strukturierung und Pilotierung von Kursen f\u00fcr Auszubildende und\/oder Besch\u00e4ftigte in der industriellen Schuhproduktion in Deutschland, Portugal und Rum\u00e4nien sein. Diese basieren auf wissenschaftlichen Analysen dar\u00fcber, welche der Dimensionen der Trends welche der 18 Handlungsfelder (Spheres of Activity, SoA) des Sektors beeinflussen. Die Kurse beziehen sich auf die konkreten SoA, in denen die Teilnehmer arbeiten, arbeiten sollen oder arbeiten wollen.<\/p>\n<p>Das erste Ergebnis wird eine umfassende Matrix sein, die die Auswirkungen von ~20 Dimensionen der Trends auf die 18 SoA des Sektors aufschl\u00fcsselt.<\/p>\n<p>Das zweite Ergebnis werden 12 qualit\u00e4tsgesicherte Schulungshandb\u00fccher sein, die zeigen, wie die konkreten Auswirkungen f\u00fcr die am meisten betroffenen SoA vermittelt werden k\u00f6nnen.<\/p>\n<p>Das dritte Ergebnis sind \u201eSt\u00e4rken-Schw\u00e4chen-Chancen-Bedrohungen\u201c-Analysen (SWOT) der Pilotierung und Bewertung von 15 Kursen (5 in jedem Land), in denen die Grundlagen und Inhalte f\u00fcr aktualisierte Profile der beruflichen Erstausbildung und Weiterbildung erprobt wurden.<\/p>\n<p>F\u00fcr die 18 SoA, die in fr\u00fcheren Projekten entwickelt wurden, siehe: <a href=\"https:\/\/dia-cvet.eu\/de\/ergebnisse\/\" target=\"_blank\" rel=\"noopener\">https:\/\/dia-cvet.eu\/de\/ergebnisse\/<\/a> bzw. <a href=\"http:\/\/icsas-project.eu\/de\/ergebnisse\/\" target=\"_blank\" rel=\"noopener\">http:\/\/icsas-project.eu\/de\/ergebnisse\/<\/a>.<\/p>\n<p><img loading=\"lazy\" decoding=\"async\" class=\"alignleft\" src=\"https:\/\/isov-project.eu\/wp-content\/uploads\/2025\/01\/ISOV-1.png\" alt=\"\" width=\"409\" height=\"409\" \/><\/p>\n","protected":false},"excerpt":{"rendered":"<p>Wie alle Branchen wird auch die industrielle Schuhproduktion mit den Megatrends Globalisierung, Digitalisierung und Nachhaltigkeit konfrontiert. Arbeitsprozesse ver\u00e4ndern sich \u2013 daher m\u00fcssen sich sowohl die Ausbildung als auch die Weiterbildung auch ver\u00e4ndern. Die Projektpartner passen ihre Qualifizierungsangebote an diese neuen Trends an &#8211; ohne dabei die branchenspezifische Arbeitsprozessorientierung zu verlieren. Das hei\u00dft insbesondere, die unterschiedlichen Auswirkungen der verschiedenen Dimensionen der&#8230; <a href=\"https:\/\/isov-project.eu\/de\/\">Read more &raquo;<\/a><\/p>\n","protected":false},"author":1,"featured_media":0,"parent":0,"menu_order":0,"comment_status":"closed","ping_status":"closed","template":"","meta":{"footnotes":""},"class_list":["post-501","page","type-page","status-publish","hentry"],"_links":{"self":[{"href":"https:\/\/isov-project.eu\/de\/wp-json\/wp\/v2\/pages\/501","targetHints":{"allow":["GET"]}}],"collection":[{"href":"https:\/\/isov-project.eu\/de\/wp-json\/wp\/v2\/pages"}],"about":[{"href":"https:\/\/isov-project.eu\/de\/wp-json\/wp\/v2\/types\/page"}],"author":[{"embeddable":true,"href":"https:\/\/isov-project.eu\/de\/wp-json\/wp\/v2\/users\/1"}],"replies":[{"embeddable":true,"href":"https:\/\/isov-project.eu\/de\/wp-json\/wp\/v2\/comments?post=501"}],"version-history":[{"count":11,"href":"https:\/\/isov-project.eu\/de\/wp-json\/wp\/v2\/pages\/501\/revisions"}],"predecessor-version":[{"id":5394,"href":"https:\/\/isov-project.eu\/de\/wp-json\/wp\/v2\/pages\/501\/revisions\/5394"}],"wp:attachment":[{"href":"https:\/\/isov-project.eu\/de\/wp-json\/wp\/v2\/media?parent=501"}],"curies":[{"name":"wp","href":"https:\/\/api.w.org\/{rel}","templated":true}]}}