{"id":404,"date":"2018-02-19T18:15:27","date_gmt":"2018-02-19T18:15:27","guid":{"rendered":"https:\/\/isov-project.eu\/?page_id=404"},"modified":"2025-01-12T14:25:29","modified_gmt":"2025-01-12T13:25:29","slug":"kontakt","status":"publish","type":"page","link":"https:\/\/isov-project.eu\/de\/kontakt\/","title":{"rendered":"Kontakt"},"content":{"rendered":"<p>Universit\u00e4t Bremen<br \/>\nInstitut Technik und Bildung<br \/>\nAm Fallturm 1<br \/>\n28359 Bremen<\/p>\n<p>Andreas Saniter<br \/>\nTel.: +49 (0)421 218 \u2013 66 344<br \/>\nasaniter@uni-bremen.de<\/p>\n<h1><\/h1>\n<hr \/>\n<p><span style=\"font-size: 175%;\">Impressum<\/span><\/p>\n<div id=\"impressum\">\n<div class=\"main\">\n<h3><strong>Anbieter dieser Internet-Seiten ist im Rechtssinn die Universit\u00e4t Bremen, vertreten durch die Rektorin:<\/strong><\/h3>\n<div id=\"impressum\">\n<div class=\"main\">\n<h3><strong>Anschrift:<\/strong><\/h3>\n<p>Universit\u00e4t Bremen<br \/>\nBibliothekstra\u00dfe 1<br \/>\n28359 Bremen<\/p>\n<p>Telefon: +49 421 218-1<\/p>\n<h3><strong>Rechtsform<\/strong><\/h3>\n<p>Die Universit\u00e4t Bremen ist eine K\u00f6rperschaft des \u00d6ffentlichen Rechts. Sie wird durch die Rektorin Prof. Dr. Jutta G\u00fcnther gesetzlich vertreten.<br \/>\nZust\u00e4ndige Aufsichtsbeh\u00f6rde ist die Senatorin f\u00fcr Umwelt, Klima und Wissenschaft,\u00a0An der Reeperbahn 2, 28217 Bremen.<\/p>\n<h3><strong>Umsatzsteuer-Identifikationsnummer<\/strong><\/h3>\n<p>DE 811 245 070 (gem\u00e4\u00df \u00a7 27 a UStG)<\/p>\n<\/div>\n<h3><strong>Verantwortlich f\u00fcr die Inhalte der Website ist: <\/strong><\/h3>\n<div class=\"main\">\n<p class=\"bodytext\">Institut Technik und Bildung<br \/>\nUniversit\u00e4t Bremen<br \/>\nAm Fallturm 1<br \/>\n28359 Bremen<\/p>\n<p class=\"bodytext\">Tel.: +49 (0)421 218-66250<br \/>\nFax: +49 (0)421 218-98 66250<br \/>\nE-Mail: pkaune@uni-bremen.de<\/p>\n<p class=\"bodytext\">Sprecher: Prof. Dr. Michael Gessler<\/p>\n<p class=\"bodytext\">Gesch\u00e4ftsf\u00fchrer: Peter Kaune<\/p>\n<\/div>\n<\/div>\n<\/div>\n<\/div>\n","protected":false},"excerpt":{"rendered":"<p>Universit\u00e4t Bremen Institut Technik und Bildung Am Fallturm 1 28359 Bremen Andreas Saniter Tel.: +49 (0)421 218 \u2013 66 344 asaniter@uni-bremen.de Impressum Anbieter dieser Internet-Seiten ist im Rechtssinn die Universit\u00e4t Bremen, vertreten durch die Rektorin: Anschrift: Universit\u00e4t Bremen Bibliothekstra\u00dfe 1 28359 Bremen Telefon: +49 421 218-1 Rechtsform Die Universit\u00e4t Bremen ist eine K\u00f6rperschaft des \u00d6ffentlichen Rechts. Sie wird durch die&#8230; <a href=\"https:\/\/isov-project.eu\/de\/kontakt\/\">Read more &raquo;<\/a><\/p>\n","protected":false},"author":1,"featured_media":0,"parent":0,"menu_order":0,"comment_status":"closed","ping_status":"closed","template":"","meta":{"footnotes":""},"class_list":["post-404","page","type-page","status-publish","hentry"],"_links":{"self":[{"href":"https:\/\/isov-project.eu\/de\/wp-json\/wp\/v2\/pages\/404","targetHints":{"allow":["GET"]}}],"collection":[{"href":"https:\/\/isov-project.eu\/de\/wp-json\/wp\/v2\/pages"}],"about":[{"href":"https:\/\/isov-project.eu\/de\/wp-json\/wp\/v2\/types\/page"}],"author":[{"embeddable":true,"href":"https:\/\/isov-project.eu\/de\/wp-json\/wp\/v2\/users\/1"}],"replies":[{"embeddable":true,"href":"https:\/\/isov-project.eu\/de\/wp-json\/wp\/v2\/comments?post=404"}],"version-history":[{"count":8,"href":"https:\/\/isov-project.eu\/de\/wp-json\/wp\/v2\/pages\/404\/revisions"}],"predecessor-version":[{"id":5546,"href":"https:\/\/isov-project.eu\/de\/wp-json\/wp\/v2\/pages\/404\/revisions\/5546"}],"wp:attachment":[{"href":"https:\/\/isov-project.eu\/de\/wp-json\/wp\/v2\/media?parent=404"}],"curies":[{"name":"wp","href":"https:\/\/api.w.org\/{rel}","templated":true}]}}